{"id":3,"date":"2023-11-16T09:27:51","date_gmt":"2023-11-16T09:27:51","guid":{"rendered":"https:\/\/klimkoinstalacije.si\/?page_id=3"},"modified":"2023-12-07T05:50:54","modified_gmt":"2023-12-07T05:50:54","slug":"izjava-o-varstvu-osebnih-podatkov","status":"publish","type":"page","link":"https:\/\/klimkoinstalacije.si\/hr\/izjava-o-zastiti-osobnih-podataka\/","title":{"rendered":"Izjava o za\u0161titi osobnih podataka"},"content":{"rendered":"<h2 class=\"wp-block-heading\">Op\u0107enito<\/h2>\r\n<p>U tvrtki Klimko In\u0161talacije d.o.o. po\u0161tujemo va\u0161e pravo na privatnost te stremimo k najvi\u0161em stupnju za\u0161tite va\u0161ih osobnih podataka. Zato smo kod nu\u0111enja na\u0161ih usluga preko te web stranice ili kod poslovanja preko telekomunikacijskih sredstava obavezni djelovati u skladu sa zakonima i propisima koji odre\u0111uju za\u0161titu osobnih podataka, posebice u skladu s Op\u0107om uredbom EU o za\u0161titi osobnih podataka (u nastavku: GDPR) te u skladu s mjerodavnim zakonodavstvom o za\u0161titi osobnih podataka.<\/p>\r\n<h2>Nadzornik zbirke osobnih podataka<\/h2>\r\n<p>Nadzornik va\u0161ih osobnih podataka je Klimko In\u0161talacije d.o.o. (u nastavku: \u00bbKlimko\u00ab ili \u00bbmi\u00ab), Kav\u010di\u010deva ulica 66, 1000 Ljubljana, Slovenija, elektronska po\u0161ta: info@klimkoinstalacije.si, telefonski broj: +386 (0) 30 222 223.<\/p>\r\n<h2>Svrha obrade osobnih podataka<\/h2>\r\n<p>Svi osobni podatci koje nam posredujete obra\u0111ivat \u0107e se povjerljivo te \u0107e biti kori\u0161teni isklju\u010divo u svrhu za koju su bili posredovani. Ukoliko nastane potreba za daljnjom obradom va\u0161ih podataka u druge svrhe, prethodno \u0107emo vas kontaktirati i zamoliti va\u0161 pristanak.<\/p>\r\n<p>Posredovanje va\u0161ih osobnih podataka nije zakonom propisano te nije dio ugovornog zahtjeva. To zna\u010di da niste du\u017eni posredovati va\u0161e osobne podatke.  Ukoliko se odlu\u010dite da nam ne posredujete va\u0161e podatke, to mo\u017ee utjecati na korisni\u010dko iskustvo na web stranici.<\/p>\r\n<h2>Posjeta web stranici<\/h2>\r\n<p>Pri svakom posjetu na\u0161oj web stranici na mre\u017enom poslu\u017eitelju se automatski pohranjuje dnevni\u010dka datoteka mre\u017enog poslu\u017eitelja (npr. IP broj \u2013 broj koji identificira pojedino ra\u010dunalo tj. drugi ure\u0111aj na internetu, verzija preglednika, vrijeme posjete, podatci o  lokaciji to jest ulaznoj to\u010dki dostupa do interneta i sli\u010dno). Te podatke obra\u0111ujemo u svrhu analize koja nam omogu\u0107ava unaprje\u0111ivanje sadr\u017eaja i korisni\u010dkog iskustva na na\u0161oj web stranici te vo\u0111enja statistike posjeta na na\u0161oj web stranici. Navedene osobne podatke skupljamo  pomo\u0107u kola\u010di\u0107a, pri \u010demu \u0107emo vas prije postavljanja invazivnijih kola\u010di\u0107a moliti za va\u0161 pristanak.<\/p>\r\n<p>Tako sakupljene podatke obra\u0111ujemo posebno te ih ne povezujemo s drugim osobnim podatcima korisnika web stranice. Posjetitelja kori\u0161tenjem samo tih podataka trenutno i glede na stanje tehnologije nije mogu\u0107e jednozna\u010dno identificirati.<\/p>\r\n<h2>Slanje upita i druga komunikacija s nama<\/h2>\r\n<p>Na na\u0161oj web stranici mo\u017eete ispuniti internetski kontaktni obrazac s kojim podnosite va\u0161 upit glede na\u0161ih proizvoda i usluga. Upravo tako nam bilo kada mo\u017eete poslati upit, to jest nas kontaktirati na bilo koji od kontaktnih podataka objavljenih na na\u0161oj web stranici.<\/p>\r\n<p>U tu svrhu od vas tra\u017eimo slijede\u0107e podatke koje svojevoljno posredujete:<\/p>\r\n<ul>\r\n<li>ime i prezime,<\/li>\r\n<li>ime trvtke,<\/li>\r\n<li>e-mail adresa,<\/li>\r\n<li>podatke o sadr\u017eaju va\u0161eg upita, to jest poruke.<\/li>\r\n<\/ul>\r\n<p>Svi podatci sakupljeni preko te web stranice ili su nam posredovani na bilo koji drugi na\u010din pomo\u0107u telekomunikacijskih sredstava, skupljaju se u svrhu obavljanja na\u0161e osnovne djelatnosti, tj. za prodaju na\u0161ih proizvoda i usluga. Podatke \u0107emo obra\u0111ivati u svrhu pripreme odgovora na va\u0161 upit, za informiranje o proizvodima i uslugama, za potencijalnu pripremu i sklapanje ugovora te izvedbu sklopljenog ugovora. Va\u0161e podatke koje \u0107ete nam posredovati na temelju ispunjavanja kontaktnog obrasca, upotrijebit \u0107emo isklju\u010divo za izvedbu ugovorno dogovorenih usluga te u svrhu na\u0161e interne administracije i vo\u0111enja na\u0161eg poslovanja.<\/p>\r\n<h2>Kola\u010di\u0107i<\/h2>\r\n<p>Na\u0161a web stranica koristi kola\u010di\u0107e da vas odvoji od drugih korisnika na\u0161e web stranice.  Poma\u017eu nam da vam omogu\u0107imo dobro korisni\u010dko iskustvo kada pretra\u017eujete na\u0161u web stranicu. Istovremeno nama omogu\u0107avaju da unapre\u0111ujemo na\u0161u web stranicu.<\/p>\r\n<p>Kola\u010di\u0107 je mala datoteka koja zahtjeva dozvolu za instalaciju na tvrdi disk ra\u010dunala i omogu\u0107ava ponovnu upotrebu. Kola\u010di\u0107i vam omogu\u0107avaju prijavu na na\u0161u web stranicu tj. na na\u0161e usluge i prikaz na internetu prilago\u0111avaju vama.  Kola\u010di\u0107 nam ni na koji na\u010din ne omogu\u0107ava dostup do va\u0161eg ra\u010dunala ili ikakvih podataka o vama, osim podataka za koje izaberete da ih dijelite s nama. Naime, kola\u010di\u0107e mo\u017eete ili ne morate prihvatiti. Ve\u0107ina mre\u017enih preglednika automatski prihva\u0107a kola\u010di\u0107e, obi\u010dno mo\u017eete promijeniti postavke preglednika ukoliko \u017eelite da ne prihva\u0107aju kola\u010di\u0107e.<\/p>\r\n<h2>Pravna osnova za obradu osobnih podataka<\/h2>\r\n<p>Pravna osnova za obradu osobnih podataka je 1. stavak (to\u010dka b)  6. \u010dlana GDPR (potrebni podatci za ispunjavanje ugovora), to jest 1. stavak (to\u010dka a)  6. \u010dlana GDPR (pristanak korisnika na skupljanje podataka).<\/p>\r\n<h2>Korisnici podataka<\/h2>\r\n<p>Obavezujemo se da va\u0161e osobne podatke ne\u0107emo posredovati tre\u0107im neovla\u0161tenim osobama bez va\u0161eg pristanka.<\/p>\r\n<p>Va\u0161i osobni podatci se mogu, sukladno sa svrhom odre\u0111enom u ovoj izjavi iskazati slijede\u0107im korisnicima podataka:<\/p>\r\n<ul>\r\n<li>ra\u010dunovodstvena slu\u017eba, odvjetni\u010dki uredi i drugi ponuditelji pravnog i poslovnog savjetovanja;<\/li>\r\n<li>ponuditeljima po\u0161tanskih usluga;<\/li>\r\n<li>ponuditeljima usluga informacijske tehnologije u okviru servisiranja i odr\u017eavanja programske opreme;<\/li>\r\n<li>administratoru web stranice;<\/li>\r\n<li>ponuditeljima ra\u010dunalnih usluga u oblaku i ponuditeljima slanja e-mail poruka (npr. Mailchimp i drugi);<\/li>\r\n<li>ponuditeljima sistema za upravljanje odnosa sa strankama.<\/li>\r\n<\/ul>\r\n<p>U svakom slu\u010daju osigurat \u0107emo da ugovorni obra\u0111iva\u010di podataka postupaju u skladu s uputstvima tvrtke Klimko In\u0161talacije d.o.o. te da su odgovaraju\u0107a razina sigurnosti osobnih podataka te na\u010din obrade odre\u0111eni ugovorom o obradi osobnih podataka. Ugovorni obra\u0111iva\u010di podataka bit \u0107e, ukoliko to ne protivi pravu, obvezani na po\u0161tovanje povjerljivosti.<\/p>\r\n<p>Informacije o prijenosima osobnih podataka u tre\u0107u dr\u017eavu ili me\u0111unarodnu organizaciju<\/p>\r\n<p>Podatci se \u010duvaju na podru\u010dju Republike Slovenije te na poslu\u017eitelju ponuditelja elektroni\u010dke po\u0161te koji se nalazi u EU (Google Ireland, Inc.).<\/p>\r\n<h2>Razdoblje pohrane osobnih podataka<\/h2>\r\n<p>Va\u0161e osobne podatke \u010duvat \u0107emo samo tako dugo koliko je potrebno za ispunjavanje svrhe za koju su bili sakupljeni. Kod procjene razdoblja pohrane uzet \u0107e se u obzir svrha skupljanja, priroda osobnih podataka, mogu\u0107nosti potencijalnih prekr\u0161aja te zakonske obaveze glede pohrane osobnih podataka. Kada nam va\u0161i podatci vi\u0161e ne budu potrebni, izbrisat \u0107emo ih. Dnevni\u010dke datoteke poslu\u017eitelja \u010duvaju se 3 mjeseca.<\/p>\r\n<h2>Na\u010din za\u0161tite va\u0161ih podataka<\/h2>\r\n<p>Obavezujemo se \u010duvati osobne podatke koje nam proslijedite uporabom na\u0161e web stranice, telekomunikacijskim kanalima ili na bilo koji drugi na\u010din.  Obavezujemo se da \u0107emo u\u010diniti sve da osobne podatke za\u0161titimo od ikakvih prekr\u0161aja ili zloupotreba.<\/p>\r\n<p>Nakon prestanka potrebe za vo\u0111enjem podataka, tj. nakon ispunjenja svrhe za koju su podatci bili sakupljeni, podatci se odmah nepovratno i trajno bri\u0161u.<\/p>\r\n<h2>Va\u0161a prava<\/h2>\r\n<p>Jam\u010dimo ostvarivanje svih va\u0161ih prava koja vam pripadaju vezano na obradu va\u0161ih osobnih podataka. Pojedinac na kojeg se osobni podatci odnose mo\u017ee bilo kada od nas zahtijevati da mu:<\/p>\r\n<ul>\r\n<li>potvrdimo da li se podatci vezani na njega obra\u0111uju ili ne te omogu\u0107imo dostup do osobnih podataka (tj. uvid te njihovo prepisivanje ili kopiranje),<\/li>\r\n<li>pru\u017eimo informacije u vezi s obradom tih podataka (npr. o svrsi obrade, vrsti osobnih podataka, korisnicima kojima su bili ili \u0107e biti proslije\u0111eni osobni podatci, predvi\u0111enom razdoblju pohrane podataka, o tehni\u010dkim i organizacijskim mjerama za za\u0161titu podataka, itd.),<\/li>\r\n<li>omogu\u0107imo ispravak neto\u010dnih osobnih podataka vezanih na njega te mu omogu\u0107imo dopunjavanje nepotpunih osobnih podataka,<\/li>\r\n<li>omogu\u0107imo pravo na brisanje osobnih podataka (tzv. \u00bbpravo na zaborav\u00ab),<\/li>\r\n<li>omogu\u0107imo pravo ograni\u010davanja obrade,<\/li>\r\n<li>omogu\u0107imo pravo do pritu\u017ebe obradi ukoliko obrada podataka temelji na na\u0161em zakonitom interesu, pri \u010demu \u0107emo u takvom slu\u010daju nastaviti obradu va\u0161ih osobnih podataka samo u slu\u010daju da doka\u017eemo nu\u017ene legitimne razloge za obradu koji prevla\u0111uju nad va\u0161im interesima, pravima i slobodama. Na obradu osobnih podataka u svrhu izravnog marketinga mo\u017eete se pritu\u017eiti bez navo\u0111enja razloga.,<\/li>\r\n<li>omogu\u0107imo pravo na prenosivosti podataka te mu proslijedimo podatke u op\u0107e kori\u0161tenom i strojno \u010ditljivom obliku ili ih neposredno proslijedimo drugom upravitelju, pri \u010demu to vrijedi samo u slu\u010daju obrade va\u0161ih osobnih podataka na temelju pristanka ili ugovornog odnosa te<\/li>\r\n<li>omogu\u0107imo pravo na povla\u010denje suglasnosti kada se osobni podatci obra\u0111uju na temelju suglasnosti, pri \u010demu povla\u010denje suglasnosti ne utje\u010de na zakonitost obrade podataka koja se izvodila do njenog povla\u010denja.<\/li>\r\n<\/ul>\r\n<p>Ukoliko \u017eelite ostvariti bilo koje od gore navedenih prava, mo\u017eete nas bilo kada kontaktirati preko dolje navedenih podataka.<\/p>\r\n<h2>Pravo na podno\u0161enje pritu\u017ebe nadzornom organu<\/h2>\r\n<p>Ukoliko sumnjate da pri obradi va\u0161ih podataka dolazi do kr\u0161enja zakonodavstva s podru\u010dja za\u0161tite osobnih podataka, imate pravo podnijeti pritu\u017ebu Povjereniku za informacije  Republike Slovenije (adresa: Dunajska 22, 1000 Ljubljana, e-mail: gp.ip@ip-rs.si, telefon: 012309730, web stranica: www.ip-rs.si).<\/p>\r\n<h2>Kontakt<\/h2>\r\n<p>Za upite o tajnosti va\u0161ih podataka, na\u010dinu skupljanja i obrade podataka ili slanje zahtjeva za ostvarivanje prava u vezi s va\u0161im podatcima, mo\u017eete nas kontaktirati na e-mail adresi: info@klimkoinstalacije.si.<\/p>\r\n<h2>Izmjene i dopune<\/h2>\r\n<p>Zadr\u017eavamo pravo da predmetnu izjavu po potrebi povremeno prilagodimo stvarnim okolnostima i zakonodavstvu s podru\u010dja za\u0161tite osobnih podataka. Iz tog razloga molimo vas da prije svakog proslje\u0111ivanja osobnih podataka provjerite aktualnu verziju kako bi bili obavje\u0161teni o mo\u017eebitnim izmjenama i dopunama.<\/p>\r\n<p>Mo\u017eebitne izmjene te politike privatnosti po\u010dinju vrijediti s danom objave na stranici www.klimkoinstalacije.si. <a href=\"hppts:\/\/www.klimkoinstalacije.si\">www.klimkoinstalacije.si<\/a>.<\/p>\r\n<p>Zadnja izmjena politike: 20.11.2023<\/p>","protected":false},"excerpt":{"rendered":"<p>Splo\u0161no V dru\u017ebi Klimko In\u0161talacije d.o.o. spo\u0161tujemo va\u0161o pravico do<\/p>","protected":false},"author":1,"featured_media":1248,"parent":0,"menu_order":0,"comment_status":"closed","ping_status":"open","template":"","meta":{"footnotes":""},"class_list":["post-3","page","type-page","status-publish","has-post-thumbnail","hentry"],"yoast_head":"<!-- This site is optimized with the Yoast SEO plugin v27.3 - https:\/\/yoast.com\/product\/yoast-seo-wordpress\/ -->\n<title>Izjava o varstvu osebnih podatkov - Klimko In\u0161talacije d.o.o.<\/title>\n<meta name=\"description\" content=\"Varujemo va\u0161o zasebnost. Preglejte na\u0161o politiko zasebnosti za varno uporabo va\u0161ih podatkov, ki jih posredujete skozi kontaktne obrazce.\" \/>\n<meta name=\"robots\" content=\"index, follow, max-snippet:-1, max-image-preview:large, max-video-preview:-1\" \/>\n<link rel=\"canonical\" href=\"https:\/\/klimkoinstalacije.si\/hr\/izjava-o-zastiti-osobnih-podataka\/\" \/>\n<meta property=\"og:locale\" content=\"hr_HR\" \/>\n<meta property=\"og:type\" content=\"article\" \/>\n<meta property=\"og:title\" content=\"Izjava o varstvu osebnih podatkov - Klimko In\u0161talacije d.o.o.\" \/>\n<meta property=\"og:description\" content=\"Varujemo va\u0161o zasebnost. Preglejte na\u0161o politiko zasebnosti za varno uporabo va\u0161ih podatkov, ki jih posredujete skozi kontaktne obrazce.\" \/>\n<meta property=\"og:url\" content=\"https:\/\/klimkoinstalacije.si\/hr\/izjava-o-zastiti-osobnih-podataka\/\" \/>\n<meta property=\"og:site_name\" content=\"Klimko In\u0161talacije d.o.o.\" \/>\n<meta property=\"article:modified_time\" content=\"2023-12-07T05:50:54+00:00\" \/>\n<meta property=\"og:image\" content=\"https:\/\/klimkoinstalacije.si\/wp-content\/uploads\/2023\/11\/klimko_instalacije_favicon5_512px.png\" \/>\n\t<meta property=\"og:image:width\" content=\"512\" \/>\n\t<meta property=\"og:image:height\" content=\"512\" \/>\n\t<meta property=\"og:image:type\" content=\"image\/png\" \/>\n<meta name=\"twitter:card\" content=\"summary_large_image\" \/>\n<meta name=\"twitter:label1\" content=\"Procijenjeno vrijeme \u010ditanja\" \/>\n\t<meta name=\"twitter:data1\" content=\"8 minuta\" \/>\n<script type=\"application\/ld+json\" class=\"yoast-schema-graph\">{\"@context\":\"https:\\\/\\\/schema.org\",\"@graph\":[{\"@type\":\"WebPage\",\"@id\":\"https:\\\/\\\/klimkoinstalacije.si\\\/izjava-o-varstvu-osebnih-podatkov\\\/\",\"url\":\"https:\\\/\\\/klimkoinstalacije.si\\\/izjava-o-varstvu-osebnih-podatkov\\\/\",\"name\":\"Izjava o varstvu osebnih podatkov - Klimko In\u0161talacije d.o.o.\",\"isPartOf\":{\"@id\":\"https:\\\/\\\/klimkoinstalacije.si\\\/#website\"},\"primaryImageOfPage\":{\"@id\":\"https:\\\/\\\/klimkoinstalacije.si\\\/izjava-o-varstvu-osebnih-podatkov\\\/#primaryimage\"},\"image\":{\"@id\":\"https:\\\/\\\/klimkoinstalacije.si\\\/izjava-o-varstvu-osebnih-podatkov\\\/#primaryimage\"},\"thumbnailUrl\":\"https:\\\/\\\/klimkoinstalacije.si\\\/wp-content\\\/uploads\\\/2023\\\/11\\\/klimko_instalacije_favicon5_512px.png\",\"datePublished\":\"2023-11-16T09:27:51+00:00\",\"dateModified\":\"2023-12-07T05:50:54+00:00\",\"description\":\"Varujemo va\u0161o zasebnost. Preglejte na\u0161o politiko zasebnosti za varno uporabo va\u0161ih podatkov, ki jih posredujete skozi kontaktne obrazce.\",\"breadcrumb\":{\"@id\":\"https:\\\/\\\/klimkoinstalacije.si\\\/izjava-o-varstvu-osebnih-podatkov\\\/#breadcrumb\"},\"inLanguage\":\"hr\",\"potentialAction\":[{\"@type\":\"ReadAction\",\"target\":[\"https:\\\/\\\/klimkoinstalacije.si\\\/izjava-o-varstvu-osebnih-podatkov\\\/\"]}]},{\"@type\":\"ImageObject\",\"inLanguage\":\"hr\",\"@id\":\"https:\\\/\\\/klimkoinstalacije.si\\\/izjava-o-varstvu-osebnih-podatkov\\\/#primaryimage\",\"url\":\"https:\\\/\\\/klimkoinstalacije.si\\\/wp-content\\\/uploads\\\/2023\\\/11\\\/klimko_instalacije_favicon5_512px.png\",\"contentUrl\":\"https:\\\/\\\/klimkoinstalacije.si\\\/wp-content\\\/uploads\\\/2023\\\/11\\\/klimko_instalacije_favicon5_512px.png\",\"width\":512,\"height\":512,\"caption\":\"Klimko Instalacije logo 512px\"},{\"@type\":\"BreadcrumbList\",\"@id\":\"https:\\\/\\\/klimkoinstalacije.si\\\/izjava-o-varstvu-osebnih-podatkov\\\/#breadcrumb\",\"itemListElement\":[{\"@type\":\"ListItem\",\"position\":1,\"name\":\"Home\",\"item\":\"https:\\\/\\\/klimkoinstalacije.si\\\/\"},{\"@type\":\"ListItem\",\"position\":2,\"name\":\"Izjava o varstvu osebnih podatkov\"}]},{\"@type\":\"WebSite\",\"@id\":\"https:\\\/\\\/klimkoinstalacije.si\\\/#website\",\"url\":\"https:\\\/\\\/klimkoinstalacije.si\\\/\",\"name\":\"Klimko In\u0161talacije d.o.o.\",\"description\":\"Va\u0161 zanesljivi partner pri izgradnji in\u0161talacij\",\"publisher\":{\"@id\":\"https:\\\/\\\/klimkoinstalacije.si\\\/#organization\"},\"potentialAction\":[{\"@type\":\"SearchAction\",\"target\":{\"@type\":\"EntryPoint\",\"urlTemplate\":\"https:\\\/\\\/klimkoinstalacije.si\\\/?s={search_term_string}\"},\"query-input\":{\"@type\":\"PropertyValueSpecification\",\"valueRequired\":true,\"valueName\":\"search_term_string\"}}],\"inLanguage\":\"hr\"},{\"@type\":\"Organization\",\"@id\":\"https:\\\/\\\/klimkoinstalacije.si\\\/#organization\",\"name\":\"Klimko In\u0161talacije d.o.o.\",\"alternateName\":\"Klimko\",\"url\":\"https:\\\/\\\/klimkoinstalacije.si\\\/\",\"logo\":{\"@type\":\"ImageObject\",\"inLanguage\":\"hr\",\"@id\":\"https:\\\/\\\/klimkoinstalacije.si\\\/#\\\/schema\\\/logo\\\/image\\\/\",\"url\":\"https:\\\/\\\/klimkoinstalacije.si\\\/wp-content\\\/uploads\\\/2023\\\/11\\\/klimko_instalacije_logo_250px.png\",\"contentUrl\":\"https:\\\/\\\/klimkoinstalacije.si\\\/wp-content\\\/uploads\\\/2023\\\/11\\\/klimko_instalacije_logo_250px.png\",\"width\":250,\"height\":69,\"caption\":\"Klimko In\u0161talacije d.o.o.\"},\"image\":{\"@id\":\"https:\\\/\\\/klimkoinstalacije.si\\\/#\\\/schema\\\/logo\\\/image\\\/\"}}]}<\/script>\n<!-- \/ Yoast SEO plugin. -->","yoast_head_json":{"title":"Izjava o varstvu osebnih podatkov - Klimko In\u0161talacije d.o.o.","description":"Varujemo va\u0161o zasebnost. Preglejte na\u0161o politiko zasebnosti za varno uporabo va\u0161ih podatkov, ki jih posredujete skozi kontaktne obrazce.","robots":{"index":"index","follow":"follow","max-snippet":"max-snippet:-1","max-image-preview":"max-image-preview:large","max-video-preview":"max-video-preview:-1"},"canonical":"https:\/\/klimkoinstalacije.si\/hr\/izjava-o-zastiti-osobnih-podataka\/","og_locale":"hr_HR","og_type":"article","og_title":"Izjava o varstvu osebnih podatkov - Klimko In\u0161talacije d.o.o.","og_description":"Varujemo va\u0161o zasebnost. Preglejte na\u0161o politiko zasebnosti za varno uporabo va\u0161ih podatkov, ki jih posredujete skozi kontaktne obrazce.","og_url":"https:\/\/klimkoinstalacije.si\/hr\/izjava-o-zastiti-osobnih-podataka\/","og_site_name":"Klimko In\u0161talacije d.o.o.","article_modified_time":"2023-12-07T05:50:54+00:00","og_image":[{"width":512,"height":512,"url":"https:\/\/klimkoinstalacije.si\/wp-content\/uploads\/2023\/11\/klimko_instalacije_favicon5_512px.png","type":"image\/png"}],"twitter_card":"summary_large_image","twitter_misc":{"Procijenjeno vrijeme \u010ditanja":"8 minuta"},"schema":{"@context":"https:\/\/schema.org","@graph":[{"@type":"WebPage","@id":"https:\/\/klimkoinstalacije.si\/izjava-o-varstvu-osebnih-podatkov\/","url":"https:\/\/klimkoinstalacije.si\/izjava-o-varstvu-osebnih-podatkov\/","name":"Izjava o varstvu osebnih podatkov - Klimko In\u0161talacije d.o.o.","isPartOf":{"@id":"https:\/\/klimkoinstalacije.si\/#website"},"primaryImageOfPage":{"@id":"https:\/\/klimkoinstalacije.si\/izjava-o-varstvu-osebnih-podatkov\/#primaryimage"},"image":{"@id":"https:\/\/klimkoinstalacije.si\/izjava-o-varstvu-osebnih-podatkov\/#primaryimage"},"thumbnailUrl":"https:\/\/klimkoinstalacije.si\/wp-content\/uploads\/2023\/11\/klimko_instalacije_favicon5_512px.png","datePublished":"2023-11-16T09:27:51+00:00","dateModified":"2023-12-07T05:50:54+00:00","description":"Varujemo va\u0161o zasebnost. Preglejte na\u0161o politiko zasebnosti za varno uporabo va\u0161ih podatkov, ki jih posredujete skozi kontaktne obrazce.","breadcrumb":{"@id":"https:\/\/klimkoinstalacije.si\/izjava-o-varstvu-osebnih-podatkov\/#breadcrumb"},"inLanguage":"hr","potentialAction":[{"@type":"ReadAction","target":["https:\/\/klimkoinstalacije.si\/izjava-o-varstvu-osebnih-podatkov\/"]}]},{"@type":"ImageObject","inLanguage":"hr","@id":"https:\/\/klimkoinstalacije.si\/izjava-o-varstvu-osebnih-podatkov\/#primaryimage","url":"https:\/\/klimkoinstalacije.si\/wp-content\/uploads\/2023\/11\/klimko_instalacije_favicon5_512px.png","contentUrl":"https:\/\/klimkoinstalacije.si\/wp-content\/uploads\/2023\/11\/klimko_instalacije_favicon5_512px.png","width":512,"height":512,"caption":"Klimko Instalacije logo 512px"},{"@type":"BreadcrumbList","@id":"https:\/\/klimkoinstalacije.si\/izjava-o-varstvu-osebnih-podatkov\/#breadcrumb","itemListElement":[{"@type":"ListItem","position":1,"name":"Home","item":"https:\/\/klimkoinstalacije.si\/"},{"@type":"ListItem","position":2,"name":"Izjava o varstvu osebnih podatkov"}]},{"@type":"WebSite","@id":"https:\/\/klimkoinstalacije.si\/#website","url":"https:\/\/klimkoinstalacije.si\/","name":"Klimko In\u0161talacije d.o.o.","description":"Va\u0161 zanesljivi partner pri izgradnji in\u0161talacij","publisher":{"@id":"https:\/\/klimkoinstalacije.si\/#organization"},"potentialAction":[{"@type":"SearchAction","target":{"@type":"EntryPoint","urlTemplate":"https:\/\/klimkoinstalacije.si\/?s={search_term_string}"},"query-input":{"@type":"PropertyValueSpecification","valueRequired":true,"valueName":"search_term_string"}}],"inLanguage":"hr"},{"@type":"Organization","@id":"https:\/\/klimkoinstalacije.si\/#organization","name":"Klimko In\u0161talacije d.o.o.","alternateName":"Klimko","url":"https:\/\/klimkoinstalacije.si\/","logo":{"@type":"ImageObject","inLanguage":"hr","@id":"https:\/\/klimkoinstalacije.si\/#\/schema\/logo\/image\/","url":"https:\/\/klimkoinstalacije.si\/wp-content\/uploads\/2023\/11\/klimko_instalacije_logo_250px.png","contentUrl":"https:\/\/klimkoinstalacije.si\/wp-content\/uploads\/2023\/11\/klimko_instalacije_logo_250px.png","width":250,"height":69,"caption":"Klimko In\u0161talacije d.o.o."},"image":{"@id":"https:\/\/klimkoinstalacije.si\/#\/schema\/logo\/image\/"}}]}},"_links":{"self":[{"href":"https:\/\/klimkoinstalacije.si\/hr\/wp-json\/wp\/v2\/pages\/3","targetHints":{"allow":["GET"]}}],"collection":[{"href":"https:\/\/klimkoinstalacije.si\/hr\/wp-json\/wp\/v2\/pages"}],"about":[{"href":"https:\/\/klimkoinstalacije.si\/hr\/wp-json\/wp\/v2\/types\/page"}],"author":[{"embeddable":true,"href":"https:\/\/klimkoinstalacije.si\/hr\/wp-json\/wp\/v2\/users\/1"}],"replies":[{"embeddable":true,"href":"https:\/\/klimkoinstalacije.si\/hr\/wp-json\/wp\/v2\/comments?post=3"}],"version-history":[{"count":6,"href":"https:\/\/klimkoinstalacije.si\/hr\/wp-json\/wp\/v2\/pages\/3\/revisions"}],"predecessor-version":[{"id":988,"href":"https:\/\/klimkoinstalacije.si\/hr\/wp-json\/wp\/v2\/pages\/3\/revisions\/988"}],"wp:featuredmedia":[{"embeddable":true,"href":"https:\/\/klimkoinstalacije.si\/hr\/wp-json\/wp\/v2\/media\/1248"}],"wp:attachment":[{"href":"https:\/\/klimkoinstalacije.si\/hr\/wp-json\/wp\/v2\/media?parent=3"}],"curies":[{"name":"wp","href":"https:\/\/api.w.org\/{rel}","templated":true}]}}