{"id":961,"date":"2023-11-20T14:10:32","date_gmt":"2023-11-20T14:10:32","guid":{"rendered":"https:\/\/klimkoinstalacije.si\/?page_id=961"},"modified":"2023-12-07T09:42:24","modified_gmt":"2023-12-07T09:42:24","slug":"piskotki","status":"publish","type":"page","link":"https:\/\/klimkoinstalacije.si\/hr\/kolacici\/","title":{"rendered":"Upotreba kola\u010di\u0107a"},"content":{"rendered":"<p>Web stranica www.klimkoinstalacije.si (e-mail poruke, ogla\u0161avanje i interaktivne aplikacije za optimizaciju usluga itd.) koriste kola\u010di\u0107e.<\/p>\n<p>Kola\u010di\u0107ima vas osobno ne identificiramo. Koristimo ih samo za bolje djelovanje stranice.<\/p>\n<p>Upotrebom ove web stranice sla\u017eete se da web stranica www.klimkoinstalacije.si namjesti kola\u010di\u0107e u va\u0161em ure\u0111aju. Suglasnost mo\u017eete bilo kada promijeniti u postavkama kola\u010di\u0107a u odjeljku \u201cUPRAVLJANJE KOLA\u010cI\u0106IMA\u201d, koji je uvijek vidljiv u donjem lijevom kutu va\u0161eg ekrana.<\/p>\n<h2>\u0160TO SU KOLA\u010cI\u0106I?<\/h2>\n<p>Kola\u010di\u0107i su manje tekstualne datoteke, obi\u010dno iz slova i brojki, koje posje\u0107ena web stranica spremi u va\u0161 ure\u0111aj (ra\u010dunalo, mobitel, tablica itd.) u svrhu prepoznavanja tih ure\u0111aja. Spremanje kola\u010di\u0107a je pod nadzorom preglednika \u2013 vidi dolje: upravljanje kola\u010di\u0107ima.<\/p>\n<h2>ZA\u0160TO NA\u0160A WEB STRANICA TREBA KOLA\u010cI\u0106E?<\/h2>\n<p>Glavna svrha kola\u010di\u0107a je da (na\u0161em) web-poslu\u017eitelju omogu\u0107i da korisniku predstavlja prilago\u0111ene web stranice koje omogu\u0107avaju da je korisni\u010dko iskustvo pri posjetu (na\u0161oj) web stranici osobnije i da se bolje odaziva na pojedina\u010dne potrebe korisnika.  Interakcija izme\u0111u korisnika i web stranice je pomo\u0107u kola\u010di\u0107a br\u017ea i jednostavnija. Pomo\u0107u njih web stranica pamti pojedin\u010deve sklonosti i iskustva, a time korisniku pri ponovnoj posjeti \u0161tedi vrijeme, pregled web stranice je u\u010dinkovitiji i ugodniji.<\/p>\n<h2>ZA\u0160TO NA\u0160A WEB STRANICA KORISTI KOLA\u010cI\u0106E?<\/h2>\n<p>Kola\u010di\u0107i su va\u017eno sredstvo za odr\u017eavanje svje\u017eeg i primjerenog sadr\u017eaja koji je u skladu s interesima i sklonostima web korisnika. Razlozi za kori\u0161tenje kola\u010di\u0107a proizlaze iz njihovih karakteristika, jedna od njih je pohrana podataka o stanju pojedine web stranice, kola\u010di\u0107i poma\u017eu pri izvedbi razli\u010ditih web usluga (web trgovine), poma\u017eu kod skupljanja razli\u010ditih statistika jer samo s njima mo\u017eemo pratiti kako \u010desto se odre\u0111ena web stranica posje\u0107uje. Pomo\u0107u kola\u010di\u0107a upravitelj web stranice mo\u017ee ocijeniti u\u010dinkovitost plana svoje web stranice kao i primjerenost vrste i broja reklama koje tre\u0107e osobe nude korisnicima na njegovoj web stranici.<\/p>\n<h2>UPRAVLJANJE KOLA\u010cI\u0106IMA ili KAKO MO\u017dETE O(NE)MOGU\u0106ITI KOLA\u010cI\u0106E?<\/h2>\n<p>Ukoliko \u017eelite promijeniti na\u010din kori\u0161tenja kola\u010di\u0107a u pregledniku, uklju\u010duju\u0107i blokiranje ili brisanje, to mo\u017eete u\u010diniti odgovaraju\u0107om promjenom postavki preglednika.  Postavke suglasnosti o kori\u0161tenju kola\u010di\u0107a mo\u017eete promijeniti pritiskom na: Upravljanje kola\u010di\u0107ima (donji lijevi kut ekrana)<\/p>","protected":false},"excerpt":{"rendered":"<p>Spletna stran www.klimkoinstalacije.si (e-po\u0161tna sporo\u010dila, ogla\u0161evanje in interaktivne aplikacije za<\/p>","protected":false},"author":1,"featured_media":1248,"parent":0,"menu_order":0,"comment_status":"closed","ping_status":"closed","template":"","meta":{"footnotes":""},"class_list":["post-961","page","type-page","status-publish","has-post-thumbnail","hentry"],"yoast_head":"<!-- This site is optimized with the Yoast SEO plugin v27.3 - https:\/\/yoast.com\/product\/yoast-seo-wordpress\/ -->\n<title>Uporaba pi\u0161kotkov - Klimko In\u0161talacije d.o.o.<\/title>\n<meta name=\"description\" content=\"Stran o uporabi pi\u0161kotkov za izbolj\u0161anje uporabni\u0161ke izku\u0161nje in analizo obiska. Za optimalno delovanje spleti\u0161\u010da morate sprejeti pi\u0161kotke\" \/>\n<meta name=\"robots\" content=\"index, follow, max-snippet:-1, max-image-preview:large, max-video-preview:-1\" \/>\n<link rel=\"canonical\" href=\"https:\/\/klimkoinstalacije.si\/hr\/kolacici\/\" \/>\n<meta property=\"og:locale\" content=\"hr_HR\" \/>\n<meta property=\"og:type\" content=\"article\" \/>\n<meta property=\"og:title\" content=\"Uporaba pi\u0161kotkov - Klimko In\u0161talacije d.o.o.\" \/>\n<meta property=\"og:description\" content=\"Stran o uporabi pi\u0161kotkov za izbolj\u0161anje uporabni\u0161ke izku\u0161nje in analizo obiska. Za optimalno delovanje spleti\u0161\u010da morate sprejeti pi\u0161kotke\" \/>\n<meta property=\"og:url\" content=\"https:\/\/klimkoinstalacije.si\/hr\/kolacici\/\" \/>\n<meta property=\"og:site_name\" content=\"Klimko In\u0161talacije d.o.o.\" \/>\n<meta property=\"article:modified_time\" content=\"2023-12-07T09:42:24+00:00\" \/>\n<meta property=\"og:image\" content=\"https:\/\/klimkoinstalacije.si\/wp-content\/uploads\/2023\/11\/klimko_instalacije_favicon5_512px.png\" \/>\n\t<meta property=\"og:image:width\" content=\"512\" \/>\n\t<meta property=\"og:image:height\" content=\"512\" \/>\n\t<meta property=\"og:image:type\" content=\"image\/png\" \/>\n<meta name=\"twitter:card\" content=\"summary_large_image\" \/>\n<meta name=\"twitter:label1\" content=\"Procijenjeno vrijeme \u010ditanja\" \/>\n\t<meta name=\"twitter:data1\" content=\"2 minute\" \/>\n<script type=\"application\/ld+json\" class=\"yoast-schema-graph\">{\"@context\":\"https:\\\/\\\/schema.org\",\"@graph\":[{\"@type\":\"WebPage\",\"@id\":\"https:\\\/\\\/klimkoinstalacije.si\\\/piskotki\\\/\",\"url\":\"https:\\\/\\\/klimkoinstalacije.si\\\/piskotki\\\/\",\"name\":\"Uporaba pi\u0161kotkov - Klimko In\u0161talacije d.o.o.\",\"isPartOf\":{\"@id\":\"https:\\\/\\\/klimkoinstalacije.si\\\/#website\"},\"primaryImageOfPage\":{\"@id\":\"https:\\\/\\\/klimkoinstalacije.si\\\/piskotki\\\/#primaryimage\"},\"image\":{\"@id\":\"https:\\\/\\\/klimkoinstalacije.si\\\/piskotki\\\/#primaryimage\"},\"thumbnailUrl\":\"https:\\\/\\\/klimkoinstalacije.si\\\/wp-content\\\/uploads\\\/2023\\\/11\\\/klimko_instalacije_favicon5_512px.png\",\"datePublished\":\"2023-11-20T14:10:32+00:00\",\"dateModified\":\"2023-12-07T09:42:24+00:00\",\"description\":\"Stran o uporabi pi\u0161kotkov za izbolj\u0161anje uporabni\u0161ke izku\u0161nje in analizo obiska. Za optimalno delovanje spleti\u0161\u010da morate sprejeti pi\u0161kotke\",\"breadcrumb\":{\"@id\":\"https:\\\/\\\/klimkoinstalacije.si\\\/piskotki\\\/#breadcrumb\"},\"inLanguage\":\"hr\",\"potentialAction\":[{\"@type\":\"ReadAction\",\"target\":[\"https:\\\/\\\/klimkoinstalacije.si\\\/piskotki\\\/\"]}]},{\"@type\":\"ImageObject\",\"inLanguage\":\"hr\",\"@id\":\"https:\\\/\\\/klimkoinstalacije.si\\\/piskotki\\\/#primaryimage\",\"url\":\"https:\\\/\\\/klimkoinstalacije.si\\\/wp-content\\\/uploads\\\/2023\\\/11\\\/klimko_instalacije_favicon5_512px.png\",\"contentUrl\":\"https:\\\/\\\/klimkoinstalacije.si\\\/wp-content\\\/uploads\\\/2023\\\/11\\\/klimko_instalacije_favicon5_512px.png\",\"width\":512,\"height\":512,\"caption\":\"Klimko Instalacije logo 512px\"},{\"@type\":\"BreadcrumbList\",\"@id\":\"https:\\\/\\\/klimkoinstalacije.si\\\/piskotki\\\/#breadcrumb\",\"itemListElement\":[{\"@type\":\"ListItem\",\"position\":1,\"name\":\"Home\",\"item\":\"https:\\\/\\\/klimkoinstalacije.si\\\/\"},{\"@type\":\"ListItem\",\"position\":2,\"name\":\"Uporaba pi\u0161kotkov\"}]},{\"@type\":\"WebSite\",\"@id\":\"https:\\\/\\\/klimkoinstalacije.si\\\/#website\",\"url\":\"https:\\\/\\\/klimkoinstalacije.si\\\/\",\"name\":\"Klimko In\u0161talacije d.o.o.\",\"description\":\"Va\u0161 zanesljivi partner pri izgradnji in\u0161talacij\",\"publisher\":{\"@id\":\"https:\\\/\\\/klimkoinstalacije.si\\\/#organization\"},\"potentialAction\":[{\"@type\":\"SearchAction\",\"target\":{\"@type\":\"EntryPoint\",\"urlTemplate\":\"https:\\\/\\\/klimkoinstalacije.si\\\/?s={search_term_string}\"},\"query-input\":{\"@type\":\"PropertyValueSpecification\",\"valueRequired\":true,\"valueName\":\"search_term_string\"}}],\"inLanguage\":\"hr\"},{\"@type\":\"Organization\",\"@id\":\"https:\\\/\\\/klimkoinstalacije.si\\\/#organization\",\"name\":\"Klimko In\u0161talacije d.o.o.\",\"alternateName\":\"Klimko\",\"url\":\"https:\\\/\\\/klimkoinstalacije.si\\\/\",\"logo\":{\"@type\":\"ImageObject\",\"inLanguage\":\"hr\",\"@id\":\"https:\\\/\\\/klimkoinstalacije.si\\\/#\\\/schema\\\/logo\\\/image\\\/\",\"url\":\"https:\\\/\\\/klimkoinstalacije.si\\\/wp-content\\\/uploads\\\/2023\\\/11\\\/klimko_instalacije_logo_250px.png\",\"contentUrl\":\"https:\\\/\\\/klimkoinstalacije.si\\\/wp-content\\\/uploads\\\/2023\\\/11\\\/klimko_instalacije_logo_250px.png\",\"width\":250,\"height\":69,\"caption\":\"Klimko In\u0161talacije d.o.o.\"},\"image\":{\"@id\":\"https:\\\/\\\/klimkoinstalacije.si\\\/#\\\/schema\\\/logo\\\/image\\\/\"}}]}<\/script>\n<!-- \/ Yoast SEO plugin. -->","yoast_head_json":{"title":"Uporaba pi\u0161kotkov - Klimko In\u0161talacije d.o.o.","description":"Stran o uporabi pi\u0161kotkov za izbolj\u0161anje uporabni\u0161ke izku\u0161nje in analizo obiska. Za optimalno delovanje spleti\u0161\u010da morate sprejeti pi\u0161kotke","robots":{"index":"index","follow":"follow","max-snippet":"max-snippet:-1","max-image-preview":"max-image-preview:large","max-video-preview":"max-video-preview:-1"},"canonical":"https:\/\/klimkoinstalacije.si\/hr\/kolacici\/","og_locale":"hr_HR","og_type":"article","og_title":"Uporaba pi\u0161kotkov - Klimko In\u0161talacije d.o.o.","og_description":"Stran o uporabi pi\u0161kotkov za izbolj\u0161anje uporabni\u0161ke izku\u0161nje in analizo obiska. Za optimalno delovanje spleti\u0161\u010da morate sprejeti pi\u0161kotke","og_url":"https:\/\/klimkoinstalacije.si\/hr\/kolacici\/","og_site_name":"Klimko In\u0161talacije d.o.o.","article_modified_time":"2023-12-07T09:42:24+00:00","og_image":[{"width":512,"height":512,"url":"https:\/\/klimkoinstalacije.si\/wp-content\/uploads\/2023\/11\/klimko_instalacije_favicon5_512px.png","type":"image\/png"}],"twitter_card":"summary_large_image","twitter_misc":{"Procijenjeno vrijeme \u010ditanja":"2 minute"},"schema":{"@context":"https:\/\/schema.org","@graph":[{"@type":"WebPage","@id":"https:\/\/klimkoinstalacije.si\/piskotki\/","url":"https:\/\/klimkoinstalacije.si\/piskotki\/","name":"Uporaba pi\u0161kotkov - Klimko In\u0161talacije d.o.o.","isPartOf":{"@id":"https:\/\/klimkoinstalacije.si\/#website"},"primaryImageOfPage":{"@id":"https:\/\/klimkoinstalacije.si\/piskotki\/#primaryimage"},"image":{"@id":"https:\/\/klimkoinstalacije.si\/piskotki\/#primaryimage"},"thumbnailUrl":"https:\/\/klimkoinstalacije.si\/wp-content\/uploads\/2023\/11\/klimko_instalacije_favicon5_512px.png","datePublished":"2023-11-20T14:10:32+00:00","dateModified":"2023-12-07T09:42:24+00:00","description":"Stran o uporabi pi\u0161kotkov za izbolj\u0161anje uporabni\u0161ke izku\u0161nje in analizo obiska. Za optimalno delovanje spleti\u0161\u010da morate sprejeti pi\u0161kotke","breadcrumb":{"@id":"https:\/\/klimkoinstalacije.si\/piskotki\/#breadcrumb"},"inLanguage":"hr","potentialAction":[{"@type":"ReadAction","target":["https:\/\/klimkoinstalacije.si\/piskotki\/"]}]},{"@type":"ImageObject","inLanguage":"hr","@id":"https:\/\/klimkoinstalacije.si\/piskotki\/#primaryimage","url":"https:\/\/klimkoinstalacije.si\/wp-content\/uploads\/2023\/11\/klimko_instalacije_favicon5_512px.png","contentUrl":"https:\/\/klimkoinstalacije.si\/wp-content\/uploads\/2023\/11\/klimko_instalacije_favicon5_512px.png","width":512,"height":512,"caption":"Klimko Instalacije logo 512px"},{"@type":"BreadcrumbList","@id":"https:\/\/klimkoinstalacije.si\/piskotki\/#breadcrumb","itemListElement":[{"@type":"ListItem","position":1,"name":"Home","item":"https:\/\/klimkoinstalacije.si\/"},{"@type":"ListItem","position":2,"name":"Uporaba pi\u0161kotkov"}]},{"@type":"WebSite","@id":"https:\/\/klimkoinstalacije.si\/#website","url":"https:\/\/klimkoinstalacije.si\/","name":"Klimko In\u0161talacije d.o.o.","description":"Va\u0161 zanesljivi partner pri izgradnji in\u0161talacij","publisher":{"@id":"https:\/\/klimkoinstalacije.si\/#organization"},"potentialAction":[{"@type":"SearchAction","target":{"@type":"EntryPoint","urlTemplate":"https:\/\/klimkoinstalacije.si\/?s={search_term_string}"},"query-input":{"@type":"PropertyValueSpecification","valueRequired":true,"valueName":"search_term_string"}}],"inLanguage":"hr"},{"@type":"Organization","@id":"https:\/\/klimkoinstalacije.si\/#organization","name":"Klimko In\u0161talacije d.o.o.","alternateName":"Klimko","url":"https:\/\/klimkoinstalacije.si\/","logo":{"@type":"ImageObject","inLanguage":"hr","@id":"https:\/\/klimkoinstalacije.si\/#\/schema\/logo\/image\/","url":"https:\/\/klimkoinstalacije.si\/wp-content\/uploads\/2023\/11\/klimko_instalacije_logo_250px.png","contentUrl":"https:\/\/klimkoinstalacije.si\/wp-content\/uploads\/2023\/11\/klimko_instalacije_logo_250px.png","width":250,"height":69,"caption":"Klimko In\u0161talacije d.o.o."},"image":{"@id":"https:\/\/klimkoinstalacije.si\/#\/schema\/logo\/image\/"}}]}},"_links":{"self":[{"href":"https:\/\/klimkoinstalacije.si\/hr\/wp-json\/wp\/v2\/pages\/961","targetHints":{"allow":["GET"]}}],"collection":[{"href":"https:\/\/klimkoinstalacije.si\/hr\/wp-json\/wp\/v2\/pages"}],"about":[{"href":"https:\/\/klimkoinstalacije.si\/hr\/wp-json\/wp\/v2\/types\/page"}],"author":[{"embeddable":true,"href":"https:\/\/klimkoinstalacije.si\/hr\/wp-json\/wp\/v2\/users\/1"}],"replies":[{"embeddable":true,"href":"https:\/\/klimkoinstalacije.si\/hr\/wp-json\/wp\/v2\/comments?post=961"}],"version-history":[{"count":4,"href":"https:\/\/klimkoinstalacije.si\/hr\/wp-json\/wp\/v2\/pages\/961\/revisions"}],"predecessor-version":[{"id":989,"href":"https:\/\/klimkoinstalacije.si\/hr\/wp-json\/wp\/v2\/pages\/961\/revisions\/989"}],"wp:featuredmedia":[{"embeddable":true,"href":"https:\/\/klimkoinstalacije.si\/hr\/wp-json\/wp\/v2\/media\/1248"}],"wp:attachment":[{"href":"https:\/\/klimkoinstalacije.si\/hr\/wp-json\/wp\/v2\/media?parent=961"}],"curies":[{"name":"wp","href":"https:\/\/api.w.org\/{rel}","templated":true}]}}